{"id":1867,"date":"2019-09-26T15:15:57","date_gmt":"2019-09-26T15:15:57","guid":{"rendered":"https:\/\/www.enaer.cl\/?page_id=1867"},"modified":"2024-11-11T11:42:08","modified_gmt":"2024-11-11T11:42:08","slug":"ingenieria","status":"publish","type":"page","link":"https:\/\/www.enaer.cl\/en\/ingenieria\/","title":{"rendered":"ENGINEERING"},"content":{"rendered":"\t\t<div data-elementor-type=\"wp-page\" data-elementor-id=\"1867\" class=\"elementor elementor-1867\" data-elementor-post-type=\"page\">\n\t\t\t\t\t\t<section class=\"has_eae_slider elementor-section elementor-top-section elementor-element elementor-element-6612de6d elementor-section-boxed elementor-section-height-default elementor-section-height-default\" data-eae-slider=\"16647\" data-id=\"6612de6d\" data-element_type=\"section\" data-e-type=\"section\">\n\t\t\t\t\t\t<div class=\"elementor-container elementor-column-gap-no\">\n\t\t\t\t\t<div class=\"has_eae_slider elementor-column elementor-col-100 elementor-top-column elementor-element elementor-element-78096c86\" data-eae-slider=\"61824\" data-id=\"78096c86\" data-element_type=\"column\" data-e-type=\"column\">\n\t\t\t<div class=\"elementor-widget-wrap elementor-element-populated\">\n\t\t\t\t\t\t<div class=\"elementor-element elementor-element-26fb953b elementor-widget elementor-widget-menu-anchor\" data-id=\"26fb953b\" data-element_type=\"widget\" data-e-type=\"widget\" data-widget_type=\"menu-anchor.default\">\n\t\t\t\t<div class=\"elementor-widget-container\">\n\t\t\t\t\t\t\t<div class=\"elementor-menu-anchor\" id=\"top\"><\/div>\n\t\t\t\t\t\t<\/div>\n\t\t\t\t<\/div>\n\t\t\t\t\t<\/div>\n\t\t<\/div>\n\t\t\t\t\t<\/div>\n\t\t<\/section>\n\t\t\n\t<script type=\"text\/javascript\">\n\t\t\n\t\tjQuery(document).ready(function ($) {\n\t\t\tvar elementSelector = \".elementor-element-3f578e74[data-eae-slider=92605]\";\n\t\t\tvar $element = jQuery(elementSelector);\n\n\t\t\t\/\/ Adding the HTML structure\n\t\t\t$element.prepend('<div class=\"eae-section-bs\"><div class=\"eae-section-bs-inner\"><\/div><\/div>');\n\n\t\t\t\/\/ Initialize vegas background slider\n\t\t\t$element.children('.eae-section-bs').children('.eae-section-bs-inner').vegas({\n\t\t\t\tslides: [{\"src\":\"https:\\\/\\\/www.enaer.cl\\\/wp-content\\\/uploads\\\/2019\\\/11\\\/enaer00030.jpg\"},{\"src\":\"https:\\\/\\\/www.enaer.cl\\\/wp-content\\\/uploads\\\/2019\\\/11\\\/enaer00035.jpg\"},{\"src\":\"https:\\\/\\\/www.enaer.cl\\\/wp-content\\\/uploads\\\/2019\\\/11\\\/enaer00034.jpg\"},{\"src\":\"https:\\\/\\\/www.enaer.cl\\\/wp-content\\\/uploads\\\/2019\\\/11\\\/enaer00038.jpg\"},{\"src\":\"https:\\\/\\\/www.enaer.cl\\\/wp-content\\\/uploads\\\/2019\\\/11\\\/enaer00041.jpg\"},{\"src\":\"https:\\\/\\\/www.enaer.cl\\\/wp-content\\\/uploads\\\/2019\\\/11\\\/enaer00002.jpg\"},{\"src\":\"https:\\\/\\\/www.enaer.cl\\\/wp-content\\\/uploads\\\/2019\\\/11\\\/enaer00009.jpg\"},{\"src\":\"https:\\\/\\\/www.enaer.cl\\\/wp-content\\\/uploads\\\/2019\\\/11\\\/enaer00014.jpg\"}],\n\t\t\t\ttransition: 'fade',\n\t\t\t\tanimation: 'random',\n\t\t\t\toverlay: 'https:\/\/www.enaer.cl\/wp-content\/plugins\/addon-elements-for-elementor-page-builder\/\/assets\/lib\/vegas\/overlays\/00.png',\n\t\t\t\tcover: true,\n\t\t\t\tdelay: 3000,\n\t\t\t\ttimer: true\t\t\t});\n\t\t\t\n\n\t\t\t\/\/ Clear the overlay if custom overlay switcher is set to 'yes'\n\t\t\tif ('' === 'yes') {\n\t\t\t\t$element.find('.vegas-overlay').css('background-image', '');\n\t\t\t}\n\t\t});\n\t<\/script>\n\t\t\t\t<section class=\"has_eae_slider elementor-section elementor-top-section elementor-element elementor-element-3f578e74 elementor-section-height-min-height animated-slow elementor-section-items-bottom elementor-section-boxed elementor-section-height-default\" data-eae-slider=\"92605\" data-id=\"3f578e74\" data-element_type=\"section\" data-e-type=\"section\" data-settings=\"{&quot;background_background&quot;:&quot;classic&quot;,&quot;animation&quot;:&quot;none&quot;,&quot;animation_mobile&quot;:&quot;fadeInDown&quot;}\">\n\t\t\t\t\t\t\t<div class=\"elementor-background-overlay\"><\/div>\n\t\t\t\t\t\t\t<div class=\"elementor-container elementor-column-gap-no\">\n\t\t\t\t\t<div class=\"has_eae_slider elementor-column elementor-col-100 elementor-top-column elementor-element elementor-element-6e1440b6\" data-eae-slider=\"18692\" data-id=\"6e1440b6\" data-element_type=\"column\" data-e-type=\"column\">\n\t\t\t<div class=\"elementor-widget-wrap elementor-element-populated\">\n\t\t\t\t\t\t<div class=\"elementor-element elementor-element-4b4d0d20 elementor-widget elementor-widget-heading\" data-id=\"4b4d0d20\" data-element_type=\"widget\" data-e-type=\"widget\" data-widget_type=\"heading.default\">\n\t\t\t\t<div class=\"elementor-widget-container\">\n\t\t\t\t\t<h2 class=\"elementor-heading-title elementor-size-default\">INGENIER\u00cdA<\/h2>\t\t\t\t<\/div>\n\t\t\t\t<\/div>\n\t\t\t\t<div class=\"elementor-element elementor-element-3ef825d0 elementor-widget-divider--view-line elementor-widget elementor-widget-divider\" data-id=\"3ef825d0\" data-element_type=\"widget\" data-e-type=\"widget\" data-widget_type=\"divider.default\">\n\t\t\t\t<div class=\"elementor-widget-container\">\n\t\t\t\t\t\t\t<div class=\"elementor-divider\">\n\t\t\t<span class=\"elementor-divider-separator\">\n\t\t\t\t\t\t<\/span>\n\t\t<\/div>\n\t\t\t\t\t\t<\/div>\n\t\t\t\t<\/div>\n\t\t\t\t\t<\/div>\n\t\t<\/div>\n\t\t\t\t\t<\/div>\n\t\t<\/section>\n\t\t\t\t<section data-angle=\"-45deg\" data-color=\"#180a4c,#00556b,#00031c,#354b7a,#00005b\" class=\"has_eae_slider elementor-section elementor-top-section elementor-element elementor-element-21983f41 eae-animated-gradient-yes elementor-section-boxed elementor-section-height-default elementor-section-height-default\" data-eae-slider=\"35031\" data-id=\"21983f41\" data-element_type=\"section\" data-e-type=\"section\" data-settings=\"{&quot;background_background&quot;:&quot;classic&quot;}\">\n\t\t\t\t\t\t\t<div class=\"elementor-background-overlay\"><\/div>\n\t\t\t\t\t\t\t<div class=\"elementor-container elementor-column-gap-default\">\n\t\t\t\t\t<div class=\"has_eae_slider elementor-column elementor-col-50 elementor-top-column elementor-element elementor-element-5c8d2eac\" data-eae-slider=\"13768\" data-id=\"5c8d2eac\" data-element_type=\"column\" data-e-type=\"column\">\n\t\t\t<div class=\"elementor-widget-wrap elementor-element-populated\">\n\t\t\t\t\t\t<div class=\"elementor-element elementor-element-577f7ab elementor-widget elementor-widget-heading\" data-id=\"577f7ab\" data-element_type=\"widget\" data-e-type=\"widget\" data-settings=\"{&quot;_animation_mobile&quot;:&quot;fadeInLeft&quot;}\" data-widget_type=\"heading.default\">\n\t\t\t\t<div class=\"elementor-widget-container\">\n\t\t\t\t\t<h2 class=\"elementor-heading-title elementor-size-default\">Ingenier\u00eda de ENAER realiza el Dise\u00f1o, Desarrollo, Simulaci\u00f3n y Fabricaci\u00f3n de Partes y Piezas Aeron\u00e1uticas, Fabricaci\u00f3n de Aeroestructuras y Aeronaves Completas como el T-35 PILLAN.<\/h2>\t\t\t\t<\/div>\n\t\t\t\t<\/div>\n\t\t\t\t\t<\/div>\n\t\t<\/div>\n\t\t\t\t<div class=\"has_eae_slider elementor-column elementor-col-50 elementor-top-column elementor-element elementor-element-23249fba\" data-eae-slider=\"60098\" data-id=\"23249fba\" data-element_type=\"column\" data-e-type=\"column\">\n\t\t\t<div class=\"elementor-widget-wrap elementor-element-populated\">\n\t\t\t\t\t\t<div class=\"elementor-element elementor-element-cdd7b44 animated-slow elementor-hidden-phone elementor-view-default elementor-invisible elementor-widget elementor-widget-icon\" data-id=\"cdd7b44\" data-element_type=\"widget\" data-e-type=\"widget\" data-settings=\"{&quot;_animation&quot;:&quot;fadeInLeft&quot;,&quot;_animation_delay&quot;:2500}\" data-widget_type=\"icon.default\">\n\t\t\t\t<div class=\"elementor-widget-container\">\n\t\t\t\t\t\t\t<div class=\"elementor-icon-wrapper\">\n\t\t\t<div class=\"elementor-icon\">\n\t\t\t<svg aria-hidden=\"true\" class=\"e-font-icon-svg e-fas-plane\" viewBox=\"0 0 576 512\" xmlns=\"http:\/\/www.w3.org\/2000\/svg\"><path d=\"M480 192H365.71L260.61 8.06A16.014 16.014 0 0 0 246.71 0h-65.5c-10.63 0-18.3 10.17-15.38 20.39L214.86 192H112l-43.2-57.6c-3.02-4.03-7.77-6.4-12.8-6.4H16.01C5.6 128-2.04 137.78.49 147.88L32 256 .49 364.12C-2.04 374.22 5.6 384 16.01 384H56c5.04 0 9.78-2.37 12.8-6.4L112 320h102.86l-49.03 171.6c-2.92 10.22 4.75 20.4 15.38 20.4h65.5c5.74 0 11.04-3.08 13.89-8.06L365.71 320H480c35.35 0 96-28.65 96-64s-60.65-64-96-64z\"><\/path><\/svg>\t\t\t<\/div>\n\t\t<\/div>\n\t\t\t\t\t\t<\/div>\n\t\t\t\t<\/div>\n\t\t\t\t\t<\/div>\n\t\t<\/div>\n\t\t\t\t\t<\/div>\n\t\t<\/section>\n\t\t\t\t<section class=\"has_eae_slider elementor-section elementor-top-section elementor-element elementor-element-5cb62f84 elementor-section-boxed elementor-section-height-default elementor-section-height-default\" data-eae-slider=\"15177\" data-id=\"5cb62f84\" data-element_type=\"section\" data-e-type=\"section\">\n\t\t\t\t\t\t<div class=\"elementor-container elementor-column-gap-default\">\n\t\t\t\t\t<div class=\"has_eae_slider elementor-column elementor-col-100 elementor-top-column elementor-element elementor-element-7d9f0c96\" data-eae-slider=\"82624\" data-id=\"7d9f0c96\" data-element_type=\"column\" data-e-type=\"column\">\n\t\t\t<div class=\"elementor-widget-wrap elementor-element-populated\">\n\t\t\t\t\t\t<div class=\"elementor-element elementor-element-2f1e2875 elementor-widget elementor-widget-heading\" data-id=\"2f1e2875\" data-element_type=\"widget\" data-e-type=\"widget\" data-widget_type=\"heading.default\">\n\t\t\t\t<div class=\"elementor-widget-container\">\n\t\t\t\t\t<h2 class=\"elementor-heading-title elementor-size-default\">INGENIER\u00cdA<\/h2>\t\t\t\t<\/div>\n\t\t\t\t<\/div>\n\t\t\t\t<div class=\"elementor-element elementor-element-e5b068c elementor-widget-divider--view-line elementor-widget elementor-widget-divider\" data-id=\"e5b068c\" data-element_type=\"widget\" data-e-type=\"widget\" data-widget_type=\"divider.default\">\n\t\t\t\t<div class=\"elementor-widget-container\">\n\t\t\t\t\t\t\t<div class=\"elementor-divider\">\n\t\t\t<span class=\"elementor-divider-separator\">\n\t\t\t\t\t\t<\/span>\n\t\t<\/div>\n\t\t\t\t\t\t<\/div>\n\t\t\t\t<\/div>\n\t\t\t\t\t<\/div>\n\t\t<\/div>\n\t\t\t\t\t<\/div>\n\t\t<\/section>\n\t\t\t\t<section class=\"has_eae_slider elementor-section elementor-top-section elementor-element elementor-element-2ac2b8e elementor-section-boxed elementor-section-height-default elementor-section-height-default\" data-eae-slider=\"66802\" data-id=\"2ac2b8e\" data-element_type=\"section\" data-e-type=\"section\">\n\t\t\t\t\t\t<div class=\"elementor-container elementor-column-gap-default\">\n\t\t\t\t\t<div class=\"has_eae_slider elementor-column elementor-col-100 elementor-top-column elementor-element elementor-element-7c3d3517\" data-eae-slider=\"27517\" data-id=\"7c3d3517\" data-element_type=\"column\" data-e-type=\"column\">\n\t\t\t<div class=\"elementor-widget-wrap elementor-element-populated\">\n\t\t\t\t\t\t<div class=\"elementor-element elementor-element-434bbfca elementor-widget elementor-widget-text-editor\" data-id=\"434bbfca\" data-element_type=\"widget\" data-e-type=\"widget\" data-widget_type=\"text-editor.default\">\n\t\t\t\t<div class=\"elementor-widget-container\">\n\t\t\t\t\t\t\t\t\t<p>Enaer ha logrado consolidar capacidades y recursos humanos, materiales y t\u00e9cnicos que le han permitido realizar importantes modificaciones en diferentes materiales de vuelo, bajo los m\u00e1s altos est\u00e1ndares de calidad y de exigencia tecnol\u00f3gica las cuales han incrementado el aumento de las capacidades t\u00e1cticas o agregar nuevos roles operativos.<\/p><p>Apoyados por la tecnolog\u00eda CATIA, el \u00e1rea de Ingenier\u00eda de ENAER puede operar en forma local o colaborativa con los principales centros aeron\u00e1uticos del mundo, gestionando todo el ciclo productivo, desde el dise\u00f1o, simulaci\u00f3n y su posterior fabricaci\u00f3n en las instalaciones de ENAER, como lo es su producto principal, el T-35 PILLAN.<\/p>\t\t\t\t\t\t\t\t<\/div>\n\t\t\t\t<\/div>\n\t\t\t\t\t<\/div>\n\t\t<\/div>\n\t\t\t\t\t<\/div>\n\t\t<\/section>\n\t\t\t\t<section class=\"has_eae_slider elementor-section elementor-top-section elementor-element elementor-element-54bf0f3a elementor-section-boxed elementor-section-height-default elementor-section-height-default\" data-eae-slider=\"51738\" data-id=\"54bf0f3a\" data-element_type=\"section\" data-e-type=\"section\">\n\t\t\t\t\t\t<div class=\"elementor-container elementor-column-gap-default\">\n\t\t\t\t\t<div class=\"has_eae_slider elementor-column elementor-col-100 elementor-top-column elementor-element elementor-element-a45c618\" data-eae-slider=\"87933\" data-id=\"a45c618\" data-element_type=\"column\" data-e-type=\"column\">\n\t\t\t<div class=\"elementor-widget-wrap elementor-element-populated\">\n\t\t\t\t\t\t<div class=\"elementor-element elementor-element-5156de6c elementor-widget elementor-widget-image\" data-id=\"5156de6c\" data-element_type=\"widget\" data-e-type=\"widget\" data-widget_type=\"image.default\">\n\t\t\t\t<div class=\"elementor-widget-container\">\n\t\t\t\t\t\t\t\t\t\t\t\t\t\t\t<img fetchpriority=\"high\" decoding=\"async\" width=\"1200\" height=\"675\" src=\"https:\/\/www.enaer.cl\/wp-content\/uploads\/2019\/09\/DOCUMENTAL026s.jpg\" class=\"elementor-animation-grow attachment-full size-full wp-image-1603\" alt=\"\" srcset=\"https:\/\/www.enaer.cl\/wp-content\/uploads\/2019\/09\/DOCUMENTAL026s.jpg 1200w, https:\/\/www.enaer.cl\/wp-content\/uploads\/2019\/09\/DOCUMENTAL026s-300x169.jpg 300w, https:\/\/www.enaer.cl\/wp-content\/uploads\/2019\/09\/DOCUMENTAL026s-768x432.jpg 768w, https:\/\/www.enaer.cl\/wp-content\/uploads\/2019\/09\/DOCUMENTAL026s-1024x576.jpg 1024w\" sizes=\"(max-width: 1200px) 100vw, 1200px\" \/>\t\t\t\t\t\t\t\t\t\t\t\t\t\t\t<\/div>\n\t\t\t\t<\/div>\n\t\t\t\t\t<\/div>\n\t\t<\/div>\n\t\t\t\t\t<\/div>\n\t\t<\/section>\n\t\t\t\t<section class=\"has_eae_slider elementor-section elementor-top-section elementor-element elementor-element-628018cb elementor-section-boxed elementor-section-height-default elementor-section-height-default\" data-eae-slider=\"66777\" data-id=\"628018cb\" data-element_type=\"section\" data-e-type=\"section\">\n\t\t\t\t\t\t<div class=\"elementor-container elementor-column-gap-default\">\n\t\t\t\t\t<div class=\"has_eae_slider elementor-column elementor-col-100 elementor-top-column elementor-element elementor-element-1a07e598\" data-eae-slider=\"17732\" data-id=\"1a07e598\" data-element_type=\"column\" data-e-type=\"column\">\n\t\t\t<div class=\"elementor-widget-wrap elementor-element-populated\">\n\t\t\t\t\t\t<div class=\"elementor-element elementor-element-7e03abf6 elementor-widget elementor-widget-heading\" data-id=\"7e03abf6\" data-element_type=\"widget\" data-e-type=\"widget\" data-widget_type=\"heading.default\">\n\t\t\t\t<div class=\"elementor-widget-container\">\n\t\t\t\t\t<h2 class=\"elementor-heading-title elementor-size-default\">Proyecto PILLAN II actualmente en desarrollo.<\/h2>\t\t\t\t<\/div>\n\t\t\t\t<\/div>\n\t\t\t\t\t<\/div>\n\t\t<\/div>\n\t\t\t\t\t<\/div>\n\t\t<\/section>\n\t\t\t\t<section class=\"has_eae_slider elementor-section elementor-top-section elementor-element elementor-element-c594341 elementor-section-boxed elementor-section-height-default elementor-section-height-default\" data-eae-slider=\"35656\" data-id=\"c594341\" data-element_type=\"section\" data-e-type=\"section\">\n\t\t\t\t\t\t<div class=\"elementor-container elementor-column-gap-default\">\n\t\t\t\t\t<div class=\"has_eae_slider elementor-column elementor-col-100 elementor-top-column elementor-element elementor-element-cfae0f3\" data-eae-slider=\"3246\" data-id=\"cfae0f3\" data-element_type=\"column\" data-e-type=\"column\">\n\t\t\t<div class=\"elementor-widget-wrap elementor-element-populated\">\n\t\t\t\t\t\t<div class=\"elementor-element elementor-element-1c2c269 elementor-widget elementor-widget-text-editor\" data-id=\"1c2c269\" data-element_type=\"widget\" data-e-type=\"widget\" data-widget_type=\"text-editor.default\">\n\t\t\t\t<div class=\"elementor-widget-container\">\n\t\t\t\t\t\t\t\t\t<p>ENAER posee la experiencia y capacidad para la incorporaci\u00f3n de pantallas multifuncionales (Glasscockpit) en diferentes aeronaves, como por ejemplo en el H\u00e9rcules C-130, T-35 PILLAN y DHC-6 Twin Otter, cambio de sistema de Piloto autom\u00e1tico en C-130, como asimismo en la integraci\u00f3n el\u00e9ctrica y mec\u00e1nica de sensores FLIR en aeronaves y helic\u00f3pteros, incluyendo el dise\u00f1o y fabricaci\u00f3n de soportes de torreta, interfases mec\u00e1nicas de montaje de las mismas, cables de alimentaci\u00f3n y control y racks de soporte de equipos e implementaci\u00f3n de sistema FMS en avi\u00f3n Lear Jet.<\/p>\t\t\t\t\t\t\t\t<\/div>\n\t\t\t\t<\/div>\n\t\t\t\t\t<\/div>\n\t\t<\/div>\n\t\t\t\t\t<\/div>\n\t\t<\/section>\n\t\t\t\t<section class=\"has_eae_slider elementor-section elementor-top-section elementor-element elementor-element-3d17b5c2 elementor-section-boxed elementor-section-height-default elementor-section-height-default\" data-eae-slider=\"63932\" data-id=\"3d17b5c2\" data-element_type=\"section\" data-e-type=\"section\">\n\t\t\t\t\t\t<div class=\"elementor-container elementor-column-gap-default\">\n\t\t\t\t\t<div class=\"has_eae_slider elementor-column elementor-col-100 elementor-top-column elementor-element elementor-element-668d899d\" data-eae-slider=\"84822\" data-id=\"668d899d\" data-element_type=\"column\" data-e-type=\"column\">\n\t\t\t<div class=\"elementor-widget-wrap elementor-element-populated\">\n\t\t\t\t\t\t<div class=\"elementor-element elementor-element-6238bc5c elementor-view-default elementor-widget elementor-widget-icon\" data-id=\"6238bc5c\" data-element_type=\"widget\" data-e-type=\"widget\" data-settings=\"{&quot;sticky&quot;:&quot;bottom&quot;,&quot;sticky_on&quot;:[&quot;desktop&quot;,&quot;tablet&quot;,&quot;mobile&quot;],&quot;sticky_offset&quot;:0,&quot;sticky_effects_offset&quot;:0,&quot;sticky_anchor_link_offset&quot;:0}\" data-widget_type=\"icon.default\">\n\t\t\t\t<div class=\"elementor-widget-container\">\n\t\t\t\t\t\t\t<div class=\"elementor-icon-wrapper\">\n\t\t\t<a class=\"elementor-icon elementor-animation-grow\" href=\"#top\">\n\t\t\t<svg aria-hidden=\"true\" class=\"e-font-icon-svg e-fas-angle-up\" viewBox=\"0 0 320 512\" xmlns=\"http:\/\/www.w3.org\/2000\/svg\"><path d=\"M177 159.7l136 136c9.4 9.4 9.4 24.6 0 33.9l-22.6 22.6c-9.4 9.4-24.6 9.4-33.9 0L160 255.9l-96.4 96.4c-9.4 9.4-24.6 9.4-33.9 0L7 329.7c-9.4-9.4-9.4-24.6 0-33.9l136-136c9.4-9.5 24.6-9.5 34-.1z\"><\/path><\/svg>\t\t\t<\/a>\n\t\t<\/div>\n\t\t\t\t\t\t<\/div>\n\t\t\t\t<\/div>\n\t\t\t\t\t<\/div>\n\t\t<\/div>\n\t\t\t\t\t<\/div>\n\t\t<\/section>\n\t\t\t\t<\/div>\n\t\t","protected":false},"excerpt":{"rendered":"<p>INGENIER\u00cdA Ingenier\u00eda de ENAER realiza el Dise\u00f1o, Desarrollo, Simulaci\u00f3n y Fabricaci\u00f3n de Partes y Piezas Aeron\u00e1uticas, Fabricaci\u00f3n de Aeroestructuras y Aeronaves Completas como el T-35 PILLAN. INGENIER\u00cdA Enaer ha logrado consolidar capacidades y recursos humanos, materiales y t\u00e9cnicos que le han permitido realizar importantes modificaciones en diferentes materiales de vuelo, bajo los m\u00e1s altos est\u00e1ndares &#8230; <a title=\"ENGINEERING\" class=\"read-more\" href=\"https:\/\/www.enaer.cl\/en\/ingenieria\/\" aria-label=\"Read more about INGENIER\u00cdA\">Read more<\/a><\/p>","protected":false},"author":1,"featured_media":0,"parent":0,"menu_order":0,"comment_status":"closed","ping_status":"closed","template":"elementor_header_footer","meta":{"footnotes":""},"class_list":["post-1867","page","type-page","status-publish"],"_links":{"self":[{"href":"https:\/\/www.enaer.cl\/en\/wp-json\/wp\/v2\/pages\/1867","targetHints":{"allow":["GET"]}}],"collection":[{"href":"https:\/\/www.enaer.cl\/en\/wp-json\/wp\/v2\/pages"}],"about":[{"href":"https:\/\/www.enaer.cl\/en\/wp-json\/wp\/v2\/types\/page"}],"author":[{"embeddable":true,"href":"https:\/\/www.enaer.cl\/en\/wp-json\/wp\/v2\/users\/1"}],"replies":[{"embeddable":true,"href":"https:\/\/www.enaer.cl\/en\/wp-json\/wp\/v2\/comments?post=1867"}],"version-history":[{"count":29,"href":"https:\/\/www.enaer.cl\/en\/wp-json\/wp\/v2\/pages\/1867\/revisions"}],"predecessor-version":[{"id":17931,"href":"https:\/\/www.enaer.cl\/en\/wp-json\/wp\/v2\/pages\/1867\/revisions\/17931"}],"wp:attachment":[{"href":"https:\/\/www.enaer.cl\/en\/wp-json\/wp\/v2\/media?parent=1867"}],"curies":[{"name":"wp","href":"https:\/\/api.w.org\/{rel}","templated":true}]}}