{"id":16249,"date":"2024-01-12T20:15:37","date_gmt":"2024-01-12T20:15:37","guid":{"rendered":"https:\/\/www.enaer.cl\/?page_id=16249"},"modified":"2024-01-15T11:26:34","modified_gmt":"2024-01-15T11:26:34","slug":"politicas","status":"publish","type":"page","link":"https:\/\/www.enaer.cl\/en\/politicas\/","title":{"rendered":"POLITICAS"},"content":{"rendered":"\t\t<div data-elementor-type=\"wp-page\" data-elementor-id=\"16249\" class=\"elementor elementor-16249\" data-elementor-post-type=\"page\">\n\t\t\t\t\n\t<script type=\"text\/javascript\">\n\t\t\n\t\tjQuery(document).ready(function ($) {\n\t\t\tvar elementSelector = \".elementor-element-409a5639[data-eae-slider=3139]\";\n\t\t\tvar $element = jQuery(elementSelector);\n\n\t\t\t\/\/ Adding the HTML structure\n\t\t\t$element.prepend('<div class=\"eae-section-bs\"><div class=\"eae-section-bs-inner\"><\/div><\/div>');\n\n\t\t\t\/\/ Initialize vegas background slider\n\t\t\t$element.children('.eae-section-bs').children('.eae-section-bs-inner').vegas({\n\t\t\t\tslides: [{\"src\":\"https:\\\/\\\/www.enaer.cl\\\/wp-content\\\/uploads\\\/2023\\\/09\\\/PAC07667.jpg\"},{\"src\":\"https:\\\/\\\/www.enaer.cl\\\/wp-content\\\/uploads\\\/2023\\\/11\\\/ENTREGA-NP2000-FACH.jpg\"},{\"src\":\"https:\\\/\\\/www.enaer.cl\\\/wp-content\\\/uploads\\\/2023\\\/09\\\/PAC07518.jpg\"}],\n\t\t\t\ttransition: 'fade',\n\t\t\t\tanimation: 'random',\n\t\t\t\toverlay: 'https:\/\/www.enaer.cl\/wp-content\/plugins\/addon-elements-for-elementor-page-builder\/\/assets\/lib\/vegas\/overlays\/00.png',\n\t\t\t\tcover: true,\n\t\t\t\tdelay: 5000,\n\t\t\t\ttimer: true\t\t\t});\n\t\t\t\n\n\t\t\t\/\/ Clear the overlay if custom overlay switcher is set to 'yes'\n\t\t\tif ('' === 'yes') {\n\t\t\t\t$element.find('.vegas-overlay').css('background-image', '');\n\t\t\t}\n\t\t});\n\t<\/script>\n\t\t\t\t<section class=\"has_eae_slider elementor-section elementor-top-section elementor-element elementor-element-409a5639 elementor-section-height-min-height animated-slow elementor-section-items-bottom elementor-section-boxed elementor-section-height-default\" data-eae-slider=\"3139\" data-id=\"409a5639\" data-element_type=\"section\" data-e-type=\"section\" data-settings=\"{&quot;background_background&quot;:&quot;classic&quot;,&quot;animation&quot;:&quot;none&quot;,&quot;animation_mobile&quot;:&quot;fadeInDown&quot;}\">\n\t\t\t\t\t\t\t<div class=\"elementor-background-overlay\"><\/div>\n\t\t\t\t\t\t\t<div class=\"elementor-container elementor-column-gap-default\">\n\t\t\t\t\t<div class=\"has_eae_slider elementor-column elementor-col-100 elementor-top-column elementor-element elementor-element-4e5765a9\" data-eae-slider=\"13077\" data-id=\"4e5765a9\" data-element_type=\"column\" data-e-type=\"column\">\n\t\t\t<div class=\"elementor-widget-wrap elementor-element-populated\">\n\t\t\t\t\t\t<div class=\"elementor-element elementor-element-6977a9be elementor-widget elementor-widget-heading\" data-id=\"6977a9be\" data-element_type=\"widget\" data-e-type=\"widget\" data-widget_type=\"heading.default\">\n\t\t\t\t<div class=\"elementor-widget-container\">\n\t\t\t\t\t<h2 class=\"elementor-heading-title elementor-size-default\">POL\u00cdTICAS DE ENAER<\/h2>\t\t\t\t<\/div>\n\t\t\t\t<\/div>\n\t\t\t\t<div class=\"elementor-element elementor-element-5338a798 elementor-widget-divider--view-line elementor-widget elementor-widget-divider\" data-id=\"5338a798\" data-element_type=\"widget\" data-e-type=\"widget\" data-settings=\"{&quot;_animation_mobile&quot;:&quot;fadeInRight&quot;}\" data-widget_type=\"divider.default\">\n\t\t\t\t<div class=\"elementor-widget-container\">\n\t\t\t\t\t\t\t<div class=\"elementor-divider\">\n\t\t\t<span class=\"elementor-divider-separator\">\n\t\t\t\t\t\t<\/span>\n\t\t<\/div>\n\t\t\t\t\t\t<\/div>\n\t\t\t\t<\/div>\n\t\t\t\t\t<\/div>\n\t\t<\/div>\n\t\t\t\t\t<\/div>\n\t\t<\/section>\n\t\t\t\t<section data-angle=\"-45deg\" data-color=\"#180a4c,#00556b,#00031c,#354b7a,#00005b\" class=\"has_eae_slider elementor-section elementor-top-section elementor-element elementor-element-413cc9d8 eae-animated-gradient-yes elementor-section-boxed elementor-section-height-default elementor-section-height-default\" data-eae-slider=\"99791\" data-id=\"413cc9d8\" data-element_type=\"section\" data-e-type=\"section\" data-settings=\"{&quot;background_background&quot;:&quot;slideshow&quot;,&quot;background_slideshow_ken_burns&quot;:&quot;yes&quot;,&quot;background_slideshow_loop&quot;:&quot;yes&quot;,&quot;background_slideshow_slide_duration&quot;:5000,&quot;background_slideshow_slide_transition&quot;:&quot;fade&quot;,&quot;background_slideshow_transition_duration&quot;:500,&quot;background_slideshow_ken_burns_zoom_direction&quot;:&quot;in&quot;}\">\n\t\t\t\t\t\t\t<div class=\"elementor-background-overlay\"><\/div>\n\t\t\t\t\t\t\t<div class=\"elementor-container elementor-column-gap-default\">\n\t\t\t\t\t<div class=\"has_eae_slider elementor-column elementor-col-50 elementor-top-column elementor-element elementor-element-652140bf\" data-eae-slider=\"45107\" data-id=\"652140bf\" data-element_type=\"column\" data-e-type=\"column\">\n\t\t\t<div class=\"elementor-widget-wrap elementor-element-populated\">\n\t\t\t\t\t\t<div class=\"elementor-element elementor-element-60d16dbb animated-slow elementor-invisible elementor-widget elementor-widget-heading\" data-id=\"60d16dbb\" data-element_type=\"widget\" data-e-type=\"widget\" data-settings=\"{&quot;_animation_mobile&quot;:&quot;fadeInLeft&quot;,&quot;_animation&quot;:&quot;fadeInLeft&quot;}\" data-widget_type=\"heading.default\">\n\t\t\t\t<div class=\"elementor-widget-container\">\n\t\t\t\t\t<h2 class=\"elementor-heading-title elementor-size-default\">Las Pol\u00edticas de ENAER permiten gestionar con \u00e9xito la organizaci\u00f3n, estableciendo claramente las intenciones y una direcci\u00f3n o criterios de nivel superior que motiven las normas generales de quienes participan en ella.<\/h2>\t\t\t\t<\/div>\n\t\t\t\t<\/div>\n\t\t\t\t\t<\/div>\n\t\t<\/div>\n\t\t\t\t<div class=\"has_eae_slider elementor-column elementor-col-50 elementor-top-column elementor-element elementor-element-5e6421b2\" data-eae-slider=\"96156\" data-id=\"5e6421b2\" data-element_type=\"column\" data-e-type=\"column\">\n\t\t\t<div class=\"elementor-widget-wrap elementor-element-populated\">\n\t\t\t\t\t\t<div class=\"elementor-element elementor-element-782adf94 animated-slow elementor-hidden-phone elementor-view-default elementor-invisible elementor-widget elementor-widget-icon\" data-id=\"782adf94\" data-element_type=\"widget\" data-e-type=\"widget\" data-settings=\"{&quot;_animation&quot;:&quot;fadeInLeft&quot;,&quot;_animation_delay&quot;:2500}\" data-widget_type=\"icon.default\">\n\t\t\t\t<div class=\"elementor-widget-container\">\n\t\t\t\t\t\t\t<div class=\"elementor-icon-wrapper\">\n\t\t\t<div class=\"elementor-icon\">\n\t\t\t<svg aria-hidden=\"true\" class=\"e-font-icon-svg e-fas-plane\" viewBox=\"0 0 576 512\" xmlns=\"http:\/\/www.w3.org\/2000\/svg\"><path d=\"M480 192H365.71L260.61 8.06A16.014 16.014 0 0 0 246.71 0h-65.5c-10.63 0-18.3 10.17-15.38 20.39L214.86 192H112l-43.2-57.6c-3.02-4.03-7.77-6.4-12.8-6.4H16.01C5.6 128-2.04 137.78.49 147.88L32 256 .49 364.12C-2.04 374.22 5.6 384 16.01 384H56c5.04 0 9.78-2.37 12.8-6.4L112 320h102.86l-49.03 171.6c-2.92 10.22 4.75 20.4 15.38 20.4h65.5c5.74 0 11.04-3.08 13.89-8.06L365.71 320H480c35.35 0 96-28.65 96-64s-60.65-64-96-64z\"><\/path><\/svg>\t\t\t<\/div>\n\t\t<\/div>\n\t\t\t\t\t\t<\/div>\n\t\t\t\t<\/div>\n\t\t\t\t\t<\/div>\n\t\t<\/div>\n\t\t\t\t\t<\/div>\n\t\t<\/section>\n\t\t\t\t<section class=\"has_eae_slider elementor-section elementor-top-section elementor-element elementor-element-091e298 elementor-section-boxed elementor-section-height-default elementor-section-height-default\" data-eae-slider=\"77833\" data-id=\"091e298\" data-element_type=\"section\" data-e-type=\"section\">\n\t\t\t\t\t\t<div class=\"elementor-container elementor-column-gap-default\">\n\t\t\t\t\t<div class=\"has_eae_slider elementor-column elementor-col-100 elementor-top-column elementor-element elementor-element-08ade65\" data-eae-slider=\"13284\" data-id=\"08ade65\" data-element_type=\"column\" data-e-type=\"column\">\n\t\t\t<div class=\"elementor-widget-wrap elementor-element-populated\">\n\t\t\t\t\t\t<div class=\"elementor-element elementor-element-fb3959f elementor-widget elementor-widget-heading\" data-id=\"fb3959f\" data-element_type=\"widget\" data-e-type=\"widget\" data-widget_type=\"heading.default\">\n\t\t\t\t<div class=\"elementor-widget-container\">\n\t\t\t\t\t<h2 class=\"elementor-heading-title elementor-size-default\">POL\u00cdTICAS DE ENAER<\/h2>\t\t\t\t<\/div>\n\t\t\t\t<\/div>\n\t\t\t\t<div class=\"elementor-element elementor-element-5386574 elementor-widget-divider--view-line elementor-widget elementor-widget-divider\" data-id=\"5386574\" data-element_type=\"widget\" data-e-type=\"widget\" data-widget_type=\"divider.default\">\n\t\t\t\t<div class=\"elementor-widget-container\">\n\t\t\t\t\t\t\t<div class=\"elementor-divider\">\n\t\t\t<span class=\"elementor-divider-separator\">\n\t\t\t\t\t\t<\/span>\n\t\t<\/div>\n\t\t\t\t\t\t<\/div>\n\t\t\t\t<\/div>\n\t\t\t\t\t<\/div>\n\t\t<\/div>\n\t\t\t\t\t<\/div>\n\t\t<\/section>\n\t\t<div class=\"has_eae_slider elementor-element elementor-element-ecd443f e-flex e-con-boxed e-con e-parent\" data-eae-slider=\"49615\" data-id=\"ecd443f\" data-element_type=\"container\" data-e-type=\"container\">\n\t\t\t\t\t<div class=\"e-con-inner\">\n\t\t<div class=\"has_eae_slider elementor-element elementor-element-e5231c0 e-flex e-con-boxed e-con e-child\" data-eae-slider=\"15015\" data-id=\"e5231c0\" data-element_type=\"container\" data-e-type=\"container\">\n\t\t\t\t\t<div class=\"e-con-inner\">\n\t\t\t\t<div class=\"elementor-element elementor-element-7c3b124 elementor-widget elementor-widget-text-editor\" data-id=\"7c3b124\" data-element_type=\"widget\" data-e-type=\"widget\" data-widget_type=\"text-editor.default\">\n\t\t\t\t<div class=\"elementor-widget-container\">\n\t\t\t\t\t\t\t\t\t<div><div><div>Este link contiene el documento de Politicas de ENAER NDE-19 Rev 1.<\/div><\/div><\/div>\t\t\t\t\t\t\t\t<\/div>\n\t\t\t\t<\/div>\n\t\t\t\t<div class=\"elementor-element elementor-element-a6fbb3f elementor-mobile-align-center elementor-widget elementor-widget-button\" data-id=\"a6fbb3f\" data-element_type=\"widget\" data-e-type=\"widget\" data-widget_type=\"button.default\">\n\t\t\t\t<div class=\"elementor-widget-container\">\n\t\t\t\t\t\t\t\t\t<div class=\"elementor-button-wrapper\">\n\t\t\t\t\t<a class=\"elementor-button elementor-button-link elementor-size-sm elementor-animation-grow\" href=\"https:\/\/www.enaer.cl\/wp-content\/uploads\/2024\/01\/NDE-19.pdf\" target=\"_blank\">\n\t\t\t\t\t\t<span class=\"elementor-button-content-wrapper\">\n\t\t\t\t\t\t<span class=\"elementor-button-icon\">\n\t\t\t\t<svg aria-hidden=\"true\" class=\"e-font-icon-svg e-fas-file-pdf\" viewBox=\"0 0 384 512\" xmlns=\"http:\/\/www.w3.org\/2000\/svg\"><path d=\"M181.9 256.1c-5-16-4.9-46.9-2-46.9 8.4 0 7.6 36.9 2 46.9zm-1.7 47.2c-7.7 20.2-17.3 43.3-28.4 62.7 18.3-7 39-17.2 62.9-21.9-12.7-9.6-24.9-23.4-34.5-40.8zM86.1 428.1c0 .8 13.2-5.4 34.9-40.2-6.7 6.3-29.1 24.5-34.9 40.2zM248 160h136v328c0 13.3-10.7 24-24 24H24c-13.3 0-24-10.7-24-24V24C0 10.7 10.7 0 24 0h200v136c0 13.2 10.8 24 24 24zm-8 171.8c-20-12.2-33.3-29-42.7-53.8 4.5-18.5 11.6-46.6 6.2-64.2-4.7-29.4-42.4-26.5-47.8-6.8-5 18.3-.4 44.1 8.1 77-11.6 27.6-28.7 64.6-40.8 85.8-.1 0-.1.1-.2.1-27.1 13.9-73.6 44.5-54.5 68 5.6 6.9 16 10 21.5 10 17.9 0 35.7-18 61.1-61.8 25.8-8.5 54.1-19.1 79-23.2 21.7 11.8 47.1 19.5 64 19.5 29.2 0 31.2-32 19.7-43.4-13.9-13.6-54.3-9.7-73.6-7.2zM377 105L279 7c-4.5-4.5-10.6-7-17-7h-6v128h128v-6.1c0-6.3-2.5-12.4-7-16.9zm-74.1 255.3c4.1-2.7-2.5-11.9-42.8-9 37.1 15.8 42.8 9 42.8 9z\"><\/path><\/svg>\t\t\t<\/span>\n\t\t\t\t\t\t\t\t\t<span class=\"elementor-button-text\">Descargue documento<\/span>\n\t\t\t\t\t<\/span>\n\t\t\t\t\t<\/a>\n\t\t\t\t<\/div>\n\t\t\t\t\t\t\t\t<\/div>\n\t\t\t\t<\/div>\n\t\t\t\t\t<\/div>\n\t\t\t\t<\/div>\n\t\t\t\t\t<\/div>\n\t\t\t\t<\/div>\n\t\t<div class=\"has_eae_slider elementor-element elementor-element-7024bb6 e-flex e-con-boxed e-con e-parent\" data-eae-slider=\"81340\" data-id=\"7024bb6\" data-element_type=\"container\" data-e-type=\"container\">\n\t\t\t\t\t<div class=\"e-con-inner\">\n\t\t\t\t<div class=\"elementor-element elementor-element-a2a7f47 elementor-widget elementor-widget-menu-anchor\" data-id=\"a2a7f47\" data-element_type=\"widget\" data-e-type=\"widget\" data-widget_type=\"menu-anchor.default\">\n\t\t\t\t<div class=\"elementor-widget-container\">\n\t\t\t\t\t\t\t<div class=\"elementor-menu-anchor\" id=\"CODIGO\"><\/div>\n\t\t\t\t\t\t<\/div>\n\t\t\t\t<\/div>\n\t\t\t\t\t<\/div>\n\t\t\t\t<\/div>\n\t\t\t\t<section class=\"has_eae_slider elementor-section elementor-top-section elementor-element elementor-element-b27259a elementor-section-boxed elementor-section-height-default elementor-section-height-default\" data-eae-slider=\"74084\" data-id=\"b27259a\" data-element_type=\"section\" data-e-type=\"section\">\n\t\t\t\t\t\t<div class=\"elementor-container elementor-column-gap-default\">\n\t\t\t\t\t<div class=\"has_eae_slider elementor-column elementor-col-100 elementor-top-column elementor-element elementor-element-98135e9\" data-eae-slider=\"54502\" data-id=\"98135e9\" data-element_type=\"column\" data-e-type=\"column\">\n\t\t\t<div class=\"elementor-widget-wrap elementor-element-populated\">\n\t\t\t\t\t\t<div class=\"elementor-element elementor-element-a8cd5b0 elementor-widget elementor-widget-heading\" data-id=\"a8cd5b0\" data-element_type=\"widget\" data-e-type=\"widget\" data-widget_type=\"heading.default\">\n\t\t\t\t<div class=\"elementor-widget-container\">\n\t\t\t\t\t<h2 class=\"elementor-heading-title elementor-size-default\">C\u00d3DIGO DE \u00c9TICA Y CONDUCTA<\/h2>\t\t\t\t<\/div>\n\t\t\t\t<\/div>\n\t\t\t\t<div class=\"elementor-element elementor-element-81711f6 elementor-widget-divider--view-line elementor-widget elementor-widget-divider\" data-id=\"81711f6\" data-element_type=\"widget\" data-e-type=\"widget\" data-widget_type=\"divider.default\">\n\t\t\t\t<div class=\"elementor-widget-container\">\n\t\t\t\t\t\t\t<div class=\"elementor-divider\">\n\t\t\t<span class=\"elementor-divider-separator\">\n\t\t\t\t\t\t<\/span>\n\t\t<\/div>\n\t\t\t\t\t\t<\/div>\n\t\t\t\t<\/div>\n\t\t\t\t\t<\/div>\n\t\t<\/div>\n\t\t\t\t\t<\/div>\n\t\t<\/section>\n\t\t<div class=\"has_eae_slider elementor-element elementor-element-c1b1d7e e-flex e-con-boxed e-con e-parent\" data-eae-slider=\"21823\" data-id=\"c1b1d7e\" data-element_type=\"container\" data-e-type=\"container\">\n\t\t\t\t\t<div class=\"e-con-inner\">\n\t\t<div class=\"has_eae_slider elementor-element elementor-element-56ba484 e-flex e-con-boxed e-con e-child\" data-eae-slider=\"69803\" data-id=\"56ba484\" data-element_type=\"container\" data-e-type=\"container\">\n\t\t\t\t\t<div class=\"e-con-inner\">\n\t\t\t\t<div class=\"elementor-element elementor-element-0e70e33 elementor-widget elementor-widget-text-editor\" data-id=\"0e70e33\" data-element_type=\"widget\" data-e-type=\"widget\" data-widget_type=\"text-editor.default\">\n\t\t\t\t<div class=\"elementor-widget-container\">\n\t\t\t\t\t\t\t\t\t<div><div><div>Para abrir presione la portada.<\/div><\/div><\/div>\t\t\t\t\t\t\t\t<\/div>\n\t\t\t\t<\/div>\n\t\t\t\t\t<\/div>\n\t\t\t\t<\/div>\n\t\t\t\t\t<\/div>\n\t\t\t\t<\/div>\n\t\t<div class=\"has_eae_slider elementor-element elementor-element-0680a00 e-flex e-con-boxed e-con e-parent\" data-eae-slider=\"52032\" data-id=\"0680a00\" data-element_type=\"container\" data-e-type=\"container\">\n\t\t\t\t\t<div class=\"e-con-inner\">\n\t\t<div class=\"has_eae_slider elementor-element elementor-element-7de77d7 e-flex e-con-boxed e-con e-child\" data-eae-slider=\"38177\" data-id=\"7de77d7\" data-element_type=\"container\" data-e-type=\"container\">\n\t\t\t\t\t<div class=\"e-con-inner\">\n\t\t\t\t<div class=\"elementor-element elementor-element-c1bc80a elementor-widget elementor-widget-image\" data-id=\"c1bc80a\" data-element_type=\"widget\" data-e-type=\"widget\" data-widget_type=\"image.default\">\n\t\t\t\t<div class=\"elementor-widget-container\">\n\t\t\t\t\t\t\t\t\t\t\t\t\t\t\t\t<a href=\"https:\/\/www.enaer.cl\/pdf\/compliance\/CODIGO%20CONDUCTA%20ENAER%20DIC%2023.pdf\" target=\"_blank\">\n\t\t\t\t\t\t\t<img fetchpriority=\"high\" decoding=\"async\" width=\"825\" height=\"292\" src=\"https:\/\/www.enaer.cl\/wp-content\/uploads\/2022\/12\/CODIGO-CONDUCTA2-1024x363.jpg\" class=\"attachment-large size-large wp-image-13029\" alt=\"\" srcset=\"https:\/\/www.enaer.cl\/wp-content\/uploads\/2022\/12\/CODIGO-CONDUCTA2-1024x363.jpg 1024w, https:\/\/www.enaer.cl\/wp-content\/uploads\/2022\/12\/CODIGO-CONDUCTA2-300x106.jpg 300w, https:\/\/www.enaer.cl\/wp-content\/uploads\/2022\/12\/CODIGO-CONDUCTA2-768x272.jpg 768w, https:\/\/www.enaer.cl\/wp-content\/uploads\/2022\/12\/CODIGO-CONDUCTA2-1536x545.jpg 1536w, https:\/\/www.enaer.cl\/wp-content\/uploads\/2022\/12\/CODIGO-CONDUCTA2-18x6.jpg 18w, https:\/\/www.enaer.cl\/wp-content\/uploads\/2022\/12\/CODIGO-CONDUCTA2.jpg 1832w\" sizes=\"(max-width: 825px) 100vw, 825px\" \/>\t\t\t\t\t\t\t\t<\/a>\n\t\t\t\t\t\t\t\t\t\t\t\t\t\t\t<\/div>\n\t\t\t\t<\/div>\n\t\t\t\t\t<\/div>\n\t\t\t\t<\/div>\n\t\t\t\t\t<\/div>\n\t\t\t\t<\/div>\n\t\t<div class=\"has_eae_slider elementor-element elementor-element-0215fed e-flex e-con-boxed e-con e-parent\" data-eae-slider=\"19569\" data-id=\"0215fed\" data-element_type=\"container\" data-e-type=\"container\">\n\t\t\t\t\t<div class=\"e-con-inner\">\n\t\t\t\t<div class=\"elementor-element elementor-element-3867744 elementor-widget elementor-widget-spacer\" data-id=\"3867744\" data-element_type=\"widget\" data-e-type=\"widget\" data-widget_type=\"spacer.default\">\n\t\t\t\t<div class=\"elementor-widget-container\">\n\t\t\t\t\t\t\t<div class=\"elementor-spacer\">\n\t\t\t<div class=\"elementor-spacer-inner\"><\/div>\n\t\t<\/div>\n\t\t\t\t\t\t<\/div>\n\t\t\t\t<\/div>\n\t\t\t\t\t<\/div>\n\t\t\t\t<\/div>\n\t\t\t\t<\/div>\n\t\t","protected":false},"excerpt":{"rendered":"<p>POL\u00cdTICAS DE ENAER Las Pol\u00edticas de ENAER permiten gestionar con \u00e9xito la organizaci\u00f3n, estableciendo claramente las intenciones y una direcci\u00f3n o criterios de nivel superior que motiven las normas generales de quienes participan en ella. POL\u00cdTICAS DE ENAER Este link contiene el documento de Politicas de ENAER NDE-19 Rev 1. Descargue documento C\u00d3DIGO DE \u00c9TICA &#8230; <a title=\"POLITICAS\" class=\"read-more\" href=\"https:\/\/www.enaer.cl\/en\/politicas\/\" aria-label=\"Read more about POLITICAS\">Read more<\/a><\/p>","protected":false},"author":3,"featured_media":0,"parent":0,"menu_order":0,"comment_status":"closed","ping_status":"closed","template":"elementor_header_footer","meta":{"footnotes":""},"class_list":["post-16249","page","type-page","status-publish"],"_links":{"self":[{"href":"https:\/\/www.enaer.cl\/en\/wp-json\/wp\/v2\/pages\/16249","targetHints":{"allow":["GET"]}}],"collection":[{"href":"https:\/\/www.enaer.cl\/en\/wp-json\/wp\/v2\/pages"}],"about":[{"href":"https:\/\/www.enaer.cl\/en\/wp-json\/wp\/v2\/types\/page"}],"author":[{"embeddable":true,"href":"https:\/\/www.enaer.cl\/en\/wp-json\/wp\/v2\/users\/3"}],"replies":[{"embeddable":true,"href":"https:\/\/www.enaer.cl\/en\/wp-json\/wp\/v2\/comments?post=16249"}],"version-history":[{"count":40,"href":"https:\/\/www.enaer.cl\/en\/wp-json\/wp\/v2\/pages\/16249\/revisions"}],"predecessor-version":[{"id":16295,"href":"https:\/\/www.enaer.cl\/en\/wp-json\/wp\/v2\/pages\/16249\/revisions\/16295"}],"wp:attachment":[{"href":"https:\/\/www.enaer.cl\/en\/wp-json\/wp\/v2\/media?parent=16249"}],"curies":[{"name":"wp","href":"https:\/\/api.w.org\/{rel}","templated":true}]}}